{"id":10,"date":"2019-04-24T16:57:47","date_gmt":"2019-04-24T16:57:47","guid":{"rendered":"http:\/\/localhost\/alpins\/?page_id=10"},"modified":"2026-02-21T08:40:48","modified_gmt":"2026-02-21T07:40:48","slug":"contacts","status":"publish","type":"page","link":"https:\/\/aivora.hu\/?page_id=10","title":{"rendered":"Kapcsolat"},"content":{"rendered":"<p>{&#8222;main-title&#8221;:{&#8222;component&#8221;:&#8221;hc_title&#8221;,&#8221;id&#8221;:&#8221;main-title&#8221;,&#8221;title&#8221;:&#8221;&#8221;,&#8221;subtitle&#8221;:&#8221;&#8221;,&#8221;title_content&#8221;:{&#8222;component&#8221;:&#8221;hc_title_image&#8221;,&#8221;id&#8221;:&#8221;title-image&#8221;,&#8221;image&#8221;:&#8221;http:\/\/aivora.hu\/wp-content\/uploads\/2026\/02\/koronevskis-baltic-sea&#8211;1024&#215;682.jpg|1278|1920|990101145&#8243;,&#8221;full_screen&#8221;:false,&#8221;full_screen_height&#8221;:&#8221;&#8221;,&#8221;parallax&#8221;:false,&#8221;bleed&#8221;:&#8221;&#8221;,&#8221;ken_burn&#8221;:&#8221;&#8221;,&#8221;breadcrumbs&#8221;:false,&#8221;light&#8221;:false,&#8221;alignment&#8221;:&#8221;&#8221;}},&#8221;section_5ZtkF&#8221;:{&#8222;component&#8221;:&#8221;hc_section&#8221;,&#8221;id&#8221;:&#8221;section_5ZtkF&#8221;,&#8221;section_width&#8221;:&#8221;&#8221;,&#8221;animation&#8221;:&#8221;&#8221;,&#8221;animation_time&#8221;:&#8221;&#8221;,&#8221;timeline_animation&#8221;:&#8221;&#8221;,&#8221;timeline_delay&#8221;:&#8221;&#8221;,&#8221;timeline_order&#8221;:&#8221;&#8221;,&#8221;vertical_row&#8221;:&#8221;&#8221;,&#8221;css_classes&#8221;:&#8221;&#8221;,&#8221;custom_css_classes&#8221;:&#8221;&#8221;,&#8221;custom_css_styles&#8221;:&#8221;&#8221;,&#8221;section_content&#8221;:[{&#8222;component&#8221;:&#8221;hc_column&#8221;,&#8221;id&#8221;:&#8221;column_LfQC0&#8243;,&#8221;column_width&#8221;:&#8221;col-md-4&#8243;,&#8221;animation&#8221;:&#8221;&#8221;,&#8221;animation_time&#8221;:&#8221;&#8221;,&#8221;timeline_animation&#8221;:&#8221;&#8221;,&#8221;timeline_delay&#8221;:&#8221;&#8221;,&#8221;timeline_order&#8221;:&#8221;&#8221;,&#8221;css_classes&#8221;:&#8221;&#8221;,&#8221;custom_css_classes&#8221;:&#8221;&#8221;,&#8221;custom_css_styles&#8221;:&#8221;&#8221;,&#8221;main_content&#8221;:[{&#8222;component&#8221;:&#8221;hc_title_tag&#8221;,&#8221;id&#8221;:&#8221;lCp2w&#8221;,&#8221;css_classes&#8221;:&#8221;&#8221;,&#8221;custom_css_classes&#8221;:&#8221;&#8221;,&#8221;custom_css_styles&#8221;:&#8221;&#8221;,&#8221;text&#8221;:&#8221;El\u00e9rhet\u0151s\u00e9g&#8221;,&#8221;tag&#8221;:&#8221;h2&#8243;},{&#8222;component&#8221;:&#8221;hc_space&#8221;,&#8221;id&#8221;:&#8221;p3XIU&#8221;,&#8221;css_classes&#8221;:&#8221;&#8221;,&#8221;custom_css_classes&#8221;:&#8221;&#8221;,&#8221;custom_css_styles&#8221;:&#8221;&#8221;,&#8221;size&#8221;:&#8221;space-sm&#8221;,&#8221;height&#8221;:&#8221;&#8221;},{&#8222;component&#8221;:&#8221;hc_text_list&#8221;,&#8221;id&#8221;:&#8221;d7gqh&#8221;,&#8221;css_classes&#8221;:&#8221;&#8221;,&#8221;custom_css_classes&#8221;:&#8221;&#8221;,&#8221;custom_css_styles&#8221;:&#8221;&#8221;,&#8221;rows&#8221;:[{&#8222;component&#8221;:&#8221;repeater_item&#8221;,&#8221;id&#8221;:&#8221;ZkPgB&#8221;,&#8221;image_link&#8221;:&#8221;&#8221;,&#8221;title&#8221;:&#8221;Web&#8221;,&#8221;subtitle&#8221;:&#8221;domain.com&#8221;,&#8221;extra&#8221;:&#8221;&#8221;},{&#8222;component&#8221;:&#8221;repeater_item&#8221;,&#8221;id&#8221;:&#8221;BRyWK&#8221;,&#8221;image_link&#8221;:&#8221;&#8221;,&#8221;title&#8221;:&#8221;Email&#8221;,&#8221;subtitle&#8221;:&#8221;info@domain.com&#8221;,&#8221;extra&#8221;:&#8221;&#8221;},{&#8222;component&#8221;:&#8221;repeater_item&#8221;,&#8221;id&#8221;:&#8221;jz7gF&#8221;,&#8221;image_link&#8221;:&#8221;&#8221;,&#8221;title&#8221;:&#8221;Telefonsz\u00e1m&#8221;,&#8221;subtitle&#8221;:&#8221;(02) 123 456 789999&#8243;,&#8221;extra&#8221;:&#8221;&#8221;}],&#8221;type&#8221;:&#8221;line&#8221;},{&#8222;component&#8221;:&#8221;hc_space&#8221;,&#8221;id&#8221;:&#8221;yAIiE&#8221;,&#8221;css_classes&#8221;:&#8221;&#8221;,&#8221;custom_css_classes&#8221;:&#8221;&#8221;,&#8221;custom_css_styles&#8221;:&#8221;&#8221;,&#8221;size&#8221;:&#8221;space-sm&#8221;,&#8221;height&#8221;:&#8221;&#8221;},{&#8222;component&#8221;:&#8221;hc_social_share_buttons&#8221;,&#8221;id&#8221;:&#8221;MsdhI&#8221;,&#8221;css_classes&#8221;:&#8221;&#8221;,&#8221;custom_css_classes&#8221;:&#8221;&#8221;,&#8221;custom_css_styles&#8221;:&#8221;&#8221;,&#8221;style&#8221;:&#8221;icon-links-grid&#8221;,&#8221;size&#8221;:&#8221;&#8221;,&#8221;alignment&#8221;:&#8221;&#8221;,&#8221;type&#8221;:&#8221;link&#8221;,&#8221;social_colors&#8221;:false,&#8221;fb&#8221;:true,&#8221;fb_link&#8221;:&#8221;#&#8221;,&#8221;tw&#8221;:true,&#8221;tw_link&#8221;:&#8221;#&#8221;,&#8221;g+&#8221;:false,&#8221;g+_link&#8221;:&#8221;&#8221;,&#8221;li&#8221;:true,&#8221;li_link&#8221;:&#8221;#&#8221;}]},{&#8222;component&#8221;:&#8221;hc_column&#8221;,&#8221;id&#8221;:&#8221;column_p4a6z&#8221;,&#8221;column_width&#8221;:&#8221;col-md-8&#8243;,&#8221;animation&#8221;:&#8221;&#8221;,&#8221;animation_time&#8221;:&#8221;&#8221;,&#8221;timeline_animation&#8221;:&#8221;&#8221;,&#8221;timeline_delay&#8221;:&#8221;&#8221;,&#8221;timeline_order&#8221;:&#8221;&#8221;,&#8221;css_classes&#8221;:&#8221;&#8221;,&#8221;custom_css_classes&#8221;:&#8221;&#8221;,&#8221;custom_css_styles&#8221;:&#8221;&#8221;,&#8221;main_content&#8221;:[{&#8222;component&#8221;:&#8221;hc_title_tag&#8221;,&#8221;id&#8221;:&#8221;JggbI&#8221;,&#8221;css_classes&#8221;:&#8221;&#8221;,&#8221;custom_css_classes&#8221;:&#8221;&#8221;,&#8221;custom_css_styles&#8221;:&#8221;&#8221;,&#8221;text&#8221;:&#8221;\u00cdrj nek\u00fcnk&#8221;,&#8221;tag&#8221;:&#8221;h2&#8243;},{&#8222;component&#8221;:&#8221;hc_space&#8221;,&#8221;id&#8221;:&#8221;OheGp&#8221;,&#8221;css_classes&#8221;:&#8221;&#8221;,&#8221;custom_css_classes&#8221;:&#8221;&#8221;,&#8221;custom_css_styles&#8221;:&#8221;&#8221;,&#8221;size&#8221;:&#8221;space-lg&#8221;,&#8221;height&#8221;:&#8221;&#8221;},{&#8222;component&#8221;:&#8221;hc_contact_form&#8221;,&#8221;id&#8221;:&#8221;V09Rd&#8221;,&#8221;css_classes&#8221;:&#8221;&#8221;,&#8221;custom_css_classes&#8221;:&#8221;&#8221;,&#8221;custom_css_styles&#8221;:&#8221;&#8221;,&#8221;rows&#8221;:[{&#8222;component&#8221;:&#8221;repeater_item&#8221;,&#8221;id&#8221;:&#8221;KVM7a&#8221;,&#8221;input_type&#8221;:&#8221;text&#8221;,&#8221;column&#8221;:&#8221;col-lg-6&#8243;,&#8221;required&#8221;:true,&#8221;text&#8221;:&#8221;N\u00e9v&#8221;},{&#8222;component&#8221;:&#8221;repeater_item&#8221;,&#8221;id&#8221;:&#8221;ewViQ&#8221;,&#8221;input_type&#8221;:&#8221;email&#8221;,&#8221;column&#8221;:&#8221;col-lg-6&#8243;,&#8221;required&#8221;:true,&#8221;text&#8221;:&#8221;Email c\u00edm&#8221;},{&#8222;component&#8221;:&#8221;repeater_item&#8221;,&#8221;id&#8221;:&#8221;w7mUT&#8221;,&#8221;input_type&#8221;:&#8221;textarea&#8221;,&#8221;column&#8221;:&#8221;col-lg-12&#8243;,&#8221;required&#8221;:true,&#8221;text&#8221;:&#8221;\u00dczenet&#8221;}],&#8221;recipient_email&#8221;:&#8221;example@example.com&#8221;,&#8221;subject&#8221;:&#8221;&#8221;,&#8221;label&#8221;:true,&#8221;placeholder&#8221;:true,&#8221;checkbox&#8221;:&#8221;Elfogadom a felhaszn\u00e1l\u00e1si felt\u00e9teleket&#8221;,&#8221;button_position&#8221;:&#8221;left&#8221;,&#8221;success_message&#8221;:&#8221;\u00dcteneted sikeresen elk\u00fcldted, k\u00e9rlek v\u00e1rj koll\u00e9g\u00e1ink keresni fognak!&#8221;,&#8221;error_message&#8221;:&#8221;Hiba. Az \u00fczenet nem lett elk\u00fcldve. Pr\u00f3b\u00e1ld meg k\u00e9s\u0151bb.&#8221;,&#8221;button_text&#8221;:&#8221;\u00dczenet k\u00fcld\u00e9se&#8221;,&#8221;button_style&#8221;:&#8221;square&#8221;,&#8221;button_dimensions&#8221;:&#8221;btn-sm&#8221;,&#8221;button_animation&#8221;:false,&#8221;button_icon&#8221;:&#8221;&#8221;}]},{&#8222;component&#8221;:&#8221;hc_column&#8221;,&#8221;id&#8221;:&#8221;column_4GrAP&#8221;,&#8221;column_width&#8221;:&#8221;col-md-12&#8243;,&#8221;animation&#8221;:&#8221;&#8221;,&#8221;animation_time&#8221;:&#8221;&#8221;,&#8221;timeline_animation&#8221;:&#8221;&#8221;,&#8221;timeline_delay&#8221;:&#8221;&#8221;,&#8221;timeline_order&#8221;:&#8221;&#8221;,&#8221;css_classes&#8221;:&#8221;&#8221;,&#8221;custom_css_classes&#8221;:&#8221;&#8221;,&#8221;custom_css_styles&#8221;:&#8221;&#8221;,&#8221;main_content&#8221;:[{&#8222;component&#8221;:&#8221;hc_space&#8221;,&#8221;id&#8221;:&#8221;Rdj0s&#8221;,&#8221;css_classes&#8221;:&#8221;&#8221;,&#8221;custom_css_classes&#8221;:&#8221;&#8221;,&#8221;custom_css_styles&#8221;:&#8221;&#8221;,&#8221;size&#8221;:&#8221;space-lg&#8221;,&#8221;height&#8221;:&#8221;&#8221;}]}],&#8221;section_settings&#8221;:&#8221;&#8221;},&#8221;scripts&#8221;:{&#8222;contact_form&#8221;:&#8221;contact-form\/contact-form.js&#8221;,&#8221;datepicker&#8221;:&#8221;contact-form\/datepicker.min.js&#8221;},&#8221;css&#8221;:{&#8222;contact_form&#8221;:&#8221;css\/contact-form.css&#8221;},&#8221;css_page&#8221;:&#8221;&#8221;,&#8221;template_setting&#8221;:{},&#8221;template_setting_top&#8221;:{},&#8221;page_setting&#8221;:{&#8222;settings&#8221;:[&#8222;lock-mode-off&#8221;]}}<\/p>\n","protected":false},"excerpt":{"rendered":"<p>{&#8222;main-title&#8221;:{&#8222;component&#8221;:&#8221;hc_title&#8221;,&#8221;id&#8221;:&#8221;main-title&#8221;,&#8221;title&#8221;:&#8221;&#8221;,&#8221;subtitle&#8221;:&#8221;&#8221;,&#8221;title_content&#8221;:{&#8222;component&#8221;:&#8221;hc_title_image&#8221;,&#8221;id&#8221;:&#8221;title-image&#8221;,&#8221;image&#8221;:&#8221;http:\/\/aivora.hu\/wp-content\/uploads\/2026\/02\/koronevskis-baltic-sea&#8211;1024&#215;682.jpg|1278|1920|990101145&#8243;,&#8221;full_screen&#8221;:false,&#8221;full_screen_height&#8221;:&#8221;&#8221;,&#8221;parallax&#8221;:false,&#8221;bleed&#8221;:&#8221;&#8221;,&#8221;ken_burn&#8221;:&#8221;&#8221;,&#8221;breadcrumbs&#8221;:false,&#8221;light&#8221;:false,&#8221;alignment&#8221;:&#8221;&#8221;}},&#8221;section_5ZtkF&#8221;:{&#8222;component&#8221;:&#8221;hc_section&#8221;,&#8221;id&#8221;:&#8221;section_5ZtkF&#8221;,&#8221;section_width&#8221;:&#8221;&#8221;,&#8221;animation&#8221;:&#8221;&#8221;,&#8221;animation_time&#8221;:&#8221;&#8221;,&#8221;timeline_animation&#8221;:&#8221;&#8221;,&#8221;timeline_delay&#8221;:&#8221;&#8221;,&#8221;timeline_order&#8221;:&#8221;&#8221;,&#8221;vertical_row&#8221;:&#8221;&#8221;,&#8221;css_classes&#8221;:&#8221;&#8221;,&#8221;custom_css_classes&#8221;:&#8221;&#8221;,&#8221;custom_css_styles&#8221;:&#8221;&#8221;,&#8221;section_content&#8221;:[{&#8222;component&#8221;:&#8221;hc_column&#8221;,&#8221;id&#8221;:&#8221;column_LfQC0&#8243;,&#8221;column_width&#8221;:&#8221;col-md-4&#8243;,&#8221;animation&#8221;:&#8221;&#8221;,&#8221;animation_time&#8221;:&#8221;&#8221;,&#8221;timeline_animation&#8221;:&#8221;&#8221;,&#8221;timeline_delay&#8221;:&#8221;&#8221;,&#8221;timeline_order&#8221;:&#8221;&#8221;,&#8221;css_classes&#8221;:&#8221;&#8221;,&#8221;custom_css_classes&#8221;:&#8221;&#8221;,&#8221;custom_css_styles&#8221;:&#8221;&#8221;,&#8221;main_content&#8221;:[{&#8222;component&#8221;:&#8221;hc_title_tag&#8221;,&#8221;id&#8221;:&#8221;lCp2w&#8221;,&#8221;css_classes&#8221;:&#8221;&#8221;,&#8221;custom_css_classes&#8221;:&#8221;&#8221;,&#8221;custom_css_styles&#8221;:&#8221;&#8221;,&#8221;text&#8221;:&#8221;El\u00e9rhet\u0151s\u00e9g&#8221;,&#8221;tag&#8221;:&#8221;h2&#8243;},{&#8222;component&#8221;:&#8221;hc_space&#8221;,&#8221;id&#8221;:&#8221;p3XIU&#8221;,&#8221;css_classes&#8221;:&#8221;&#8221;,&#8221;custom_css_classes&#8221;:&#8221;&#8221;,&#8221;custom_css_styles&#8221;:&#8221;&#8221;,&#8221;size&#8221;:&#8221;space-sm&#8221;,&#8221;height&#8221;:&#8221;&#8221;},{&#8222;component&#8221;:&#8221;hc_text_list&#8221;,&#8221;id&#8221;:&#8221;d7gqh&#8221;,&#8221;css_classes&#8221;:&#8221;&#8221;,&#8221;custom_css_classes&#8221;:&#8221;&#8221;,&#8221;custom_css_styles&#8221;:&#8221;&#8221;,&#8221;rows&#8221;:[{&#8222;component&#8221;:&#8221;repeater_item&#8221;,&#8221;id&#8221;:&#8221;ZkPgB&#8221;,&#8221;image_link&#8221;:&#8221;&#8221;,&#8221;title&#8221;:&#8221;Web&#8221;,&#8221;subtitle&#8221;:&#8221;domain.com&#8221;,&#8221;extra&#8221;:&#8221;&#8221;},{&#8222;component&#8221;:&#8221;repeater_item&#8221;,&#8221;id&#8221;:&#8221;BRyWK&#8221;,&#8221;image_link&#8221;:&#8221;&#8221;,&#8221;title&#8221;:&#8221;Email&#8221;,&#8221;subtitle&#8221;:&#8221;info@domain.com&#8221;,&#8221;extra&#8221;:&#8221;&#8221;},{&#8222;component&#8221;:&#8221;repeater_item&#8221;,&#8221;id&#8221;:&#8221;jz7gF&#8221;,&#8221;image_link&#8221;:&#8221;&#8221;,&#8221;title&#8221;:&#8221;Telefonsz\u00e1m&#8221;,&#8221;subtitle&#8221;:&#8221;(02) 123 456 789999&#8243;,&#8221;extra&#8221;:&#8221;&#8221;}],&#8221;type&#8221;:&#8221;line&#8221;},{&#8222;component&#8221;:&#8221;hc_space&#8221;,&#8221;id&#8221;:&#8221;yAIiE&#8221;,&#8221;css_classes&#8221;:&#8221;&#8221;,&#8221;custom_css_classes&#8221;:&#8221;&#8221;,&#8221;custom_css_styles&#8221;:&#8221;&#8221;,&#8221;size&#8221;:&#8221;space-sm&#8221;,&#8221;height&#8221;:&#8221;&#8221;},{&#8222;component&#8221;:&#8221;hc_social_share_buttons&#8221;,&#8221;id&#8221;:&#8221;MsdhI&#8221;,&#8221;css_classes&#8221;:&#8221;&#8221;,&#8221;custom_css_classes&#8221;:&#8221;&#8221;,&#8221;custom_css_styles&#8221;:&#8221;&#8221;,&#8221;style&#8221;:&#8221;icon-links-grid&#8221;,&#8221;size&#8221;:&#8221;&#8221;,&#8221;alignment&#8221;:&#8221;&#8221;,&#8221;type&#8221;:&#8221;link&#8221;,&#8221;social_colors&#8221;:false,&#8221;fb&#8221;:true,&#8221;fb_link&#8221;:&#8221;#&#8221;,&#8221;tw&#8221;:true,&#8221;tw_link&#8221;:&#8221;#&#8221;,&#8221;g+&#8221;:false,&#8221;g+_link&#8221;:&#8221;&#8221;,&#8221;li&#8221;:true,&#8221;li_link&#8221;:&#8221;#&#8221;}]},{&#8222;component&#8221;:&#8221;hc_column&#8221;,&#8221;id&#8221;:&#8221;column_p4a6z&#8221;,&#8221;column_width&#8221;:&#8221;col-md-8&#8243;,&#8221;animation&#8221;:&#8221;&#8221;,&#8221;animation_time&#8221;:&#8221;&#8221;,&#8221;timeline_animation&#8221;:&#8221;&#8221;,&#8221;timeline_delay&#8221;:&#8221;&#8221;,&#8221;timeline_order&#8221;:&#8221;&#8221;,&#8221;css_classes&#8221;:&#8221;&#8221;,&#8221;custom_css_classes&#8221;:&#8221;&#8221;,&#8221;custom_css_styles&#8221;:&#8221;&#8221;,&#8221;main_content&#8221;:[{&#8222;component&#8221;:&#8221;hc_title_tag&#8221;,&#8221;id&#8221;:&#8221;JggbI&#8221;,&#8221;css_classes&#8221;:&#8221;&#8221;,&#8221;custom_css_classes&#8221;:&#8221;&#8221;,&#8221;custom_css_styles&#8221;:&#8221;&#8221;,&#8221;text&#8221;:&#8221;\u00cdrj nek\u00fcnk&#8221;,&#8221;tag&#8221;:&#8221;h2&#8243;},{&#8222;component&#8221;:&#8221;hc_space&#8221;,&#8221;id&#8221;:&#8221;OheGp&#8221;,&#8221;css_classes&#8221;:&#8221;&#8221;,&#8221;custom_css_classes&#8221;:&#8221;&#8221;,&#8221;custom_css_styles&#8221;:&#8221;&#8221;,&#8221;size&#8221;:&#8221;space-lg&#8221;,&#8221;height&#8221;:&#8221;&#8221;},{&#8222;component&#8221;:&#8221;hc_contact_form&#8221;,&#8221;id&#8221;:&#8221;V09Rd&#8221;,&#8221;css_classes&#8221;:&#8221;&#8221;,&#8221;custom_css_classes&#8221;:&#8221;&#8221;,&#8221;custom_css_styles&#8221;:&#8221;&#8221;,&#8221;rows&#8221;:[{&#8222;component&#8221;:&#8221;repeater_item&#8221;,&#8221;id&#8221;:&#8221;KVM7a&#8221;,&#8221;input_type&#8221;:&#8221;text&#8221;,&#8221;column&#8221;:&#8221;col-lg-6&#8243;,&#8221;required&#8221;:true,&#8221;text&#8221;:&#8221;N\u00e9v&#8221;},{&#8222;component&#8221;:&#8221;repeater_item&#8221;,&#8221;id&#8221;:&#8221;ewViQ&#8221;,&#8221;input_type&#8221;:&#8221;email&#8221;,&#8221;column&#8221;:&#8221;col-lg-6&#8243;,&#8221;required&#8221;:true,&#8221;text&#8221;:&#8221;Email c\u00edm&#8221;},{&#8222;component&#8221;:&#8221;repeater_item&#8221;,&#8221;id&#8221;:&#8221;w7mUT&#8221;,&#8221;input_type&#8221;:&#8221;textarea&#8221;,&#8221;column&#8221;:&#8221;col-lg-12&#8243;,&#8221;required&#8221;:true,&#8221;text&#8221;:&#8221;\u00dczenet&#8221;}],&#8221;recipient_email&#8221;:&#8221;example@example.com&#8221;,&#8221;subject&#8221;:&#8221;&#8221;,&#8221;label&#8221;:true,&#8221;placeholder&#8221;:true,&#8221;checkbox&#8221;:&#8221;Elfogadom a felhaszn\u00e1l\u00e1si felt\u00e9teleket&#8221;,&#8221;button_position&#8221;:&#8221;left&#8221;,&#8221;success_message&#8221;:&#8221;\u00dcteneted sikeresen elk\u00fcldted, k\u00e9rlek v\u00e1rj koll\u00e9g\u00e1ink keresni fognak!&#8221;,&#8221;error_message&#8221;:&#8221;Hiba. Az \u00fczenet nem lett elk\u00fcldve. Pr\u00f3b\u00e1ld meg k\u00e9s\u0151bb.&#8221;,&#8221;button_text&#8221;:&#8221;\u00dczenet k\u00fcld\u00e9se&#8221;,&#8221;button_style&#8221;:&#8221;square&#8221;,&#8221;button_dimensions&#8221;:&#8221;btn-sm&#8221;,&#8221;button_animation&#8221;:false,&#8221;button_icon&#8221;:&#8221;&#8221;}]},{&#8222;component&#8221;:&#8221;hc_column&#8221;,&#8221;id&#8221;:&#8221;column_4GrAP&#8221;,&#8221;column_width&#8221;:&#8221;col-md-12&#8243;,&#8221;animation&#8221;:&#8221;&#8221;,&#8221;animation_time&#8221;:&#8221;&#8221;,&#8221;timeline_animation&#8221;:&#8221;&#8221;,&#8221;timeline_delay&#8221;:&#8221;&#8221;,&#8221;timeline_order&#8221;:&#8221;&#8221;,&#8221;css_classes&#8221;:&#8221;&#8221;,&#8221;custom_css_classes&#8221;:&#8221;&#8221;,&#8221;custom_css_styles&#8221;:&#8221;&#8221;,&#8221;main_content&#8221;:[{&#8222;component&#8221;:&#8221;hc_space&#8221;,&#8221;id&#8221;:&#8221;Rdj0s&#8221;,&#8221;css_classes&#8221;:&#8221;&#8221;,&#8221;custom_css_classes&#8221;:&#8221;&#8221;,&#8221;custom_css_styles&#8221;:&#8221;&#8221;,&#8221;size&#8221;:&#8221;space-lg&#8221;,&#8221;height&#8221;:&#8221;&#8221;}]}],&#8221;section_settings&#8221;:&#8221;&#8221;},&#8221;scripts&#8221;:{&#8222;contact_form&#8221;:&#8221;contact-form\/contact-form.js&#8221;,&#8221;datepicker&#8221;:&#8221;contact-form\/datepicker.min.js&#8221;},&#8221;css&#8221;:{&#8222;contact_form&#8221;:&#8221;css\/contact-form.css&#8221;},&#8221;css_page&#8221;:&#8221;&#8221;,&#8221;template_setting&#8221;:{},&#8221;template_setting_top&#8221;:{},&#8221;page_setting&#8221;:{&#8222;settings&#8221;:[&#8222;lock-mode-off&#8221;]}}<\/p>\n","protected":false},"author":1,"featured_media":0,"parent":0,"menu_order":0,"comment_status":"closed","ping_status":"closed","template":"","meta":{"footnotes":""},"class_list":["post-10","page","type-page","status-publish","hentry"],"_links":{"self":[{"href":"https:\/\/aivora.hu\/index.php?rest_route=\/wp\/v2\/pages\/10","targetHints":{"allow":["GET"]}}],"collection":[{"href":"https:\/\/aivora.hu\/index.php?rest_route=\/wp\/v2\/pages"}],"about":[{"href":"https:\/\/aivora.hu\/index.php?rest_route=\/wp\/v2\/types\/page"}],"author":[{"embeddable":true,"href":"https:\/\/aivora.hu\/index.php?rest_route=\/wp\/v2\/users\/1"}],"replies":[{"embeddable":true,"href":"https:\/\/aivora.hu\/index.php?rest_route=%2Fwp%2Fv2%2Fcomments&post=10"}],"version-history":[{"count":12,"href":"https:\/\/aivora.hu\/index.php?rest_route=\/wp\/v2\/pages\/10\/revisions"}],"predecessor-version":[{"id":990101200,"href":"https:\/\/aivora.hu\/index.php?rest_route=\/wp\/v2\/pages\/10\/revisions\/990101200"}],"wp:attachment":[{"href":"https:\/\/aivora.hu\/index.php?rest_route=%2Fwp%2Fv2%2Fmedia&parent=10"}],"curies":[{"name":"wp","href":"https:\/\/api.w.org\/{rel}","templated":true}]}}