{"id":188,"date":"2019-04-26T16:32:32","date_gmt":"2019-04-26T16:32:32","guid":{"rendered":"http:\/\/localhost\/alpins\/?page_id=188"},"modified":"2026-02-21T14:02:36","modified_gmt":"2026-02-21T13:02:36","slug":"the-food","status":"publish","type":"page","link":"https:\/\/aivora.hu\/?page_id=188","title":{"rendered":"Baltikum"},"content":{"rendered":"<p>{&#8222;main-title&#8221;:{&#8222;component&#8221;:&#8221;hc_title&#8221;,&#8221;id&#8221;:&#8221;main-title&#8221;,&#8221;title&#8221;:&#8221;&#8221;,&#8221;subtitle&#8221;:&#8221;H\u00e1rom orsz\u00e1g, egy saj\u00e1tos vil\u00e1g&#8221;,&#8221;title_content&#8221;:{&#8222;component&#8221;:&#8221;hc_title_image&#8221;,&#8221;id&#8221;:&#8221;title-image&#8221;,&#8221;image&#8221;:&#8221;http:\/\/aivora.hu\/wp-content\/uploads\/2026\/02\/Baltic-Adventure-Rally-1024&#215;683.jpg|1024|1536|990101095&#8243;,&#8221;full_screen&#8221;:false,&#8221;full_screen_height&#8221;:&#8221;&#8221;,&#8221;parallax&#8221;:false,&#8221;bleed&#8221;:&#8221;&#8221;,&#8221;ken_burn&#8221;:&#8221;&#8221;,&#8221;breadcrumbs&#8221;:false,&#8221;light&#8221;:false,&#8221;alignment&#8221;:&#8221;&#8221;}},&#8221;section_9vt21&#8243;:{&#8222;component&#8221;:&#8221;hc_section&#8221;,&#8221;id&#8221;:&#8221;section_9vt21&#8243;,&#8221;section_width&#8221;:&#8221;&#8221;,&#8221;animation&#8221;:&#8221;fade-bottom&#8221;,&#8221;animation_time&#8221;:&#8221;2000&#8243;,&#8221;timeline_animation&#8221;:&#8221;true&#8221;,&#8221;timeline_delay&#8221;:&#8221;&#8221;,&#8221;timeline_order&#8221;:&#8221;&#8221;,&#8221;vertical_row&#8221;:&#8221;&#8221;,&#8221;css_classes&#8221;:&#8221;&#8221;,&#8221;custom_css_classes&#8221;:&#8221;&#8221;,&#8221;custom_css_styles&#8221;:&#8221;&#8221;,&#8221;section_content&#8221;:[{&#8222;component&#8221;:&#8221;hc_column&#8221;,&#8221;id&#8221;:&#8221;column_LnVQh&#8221;,&#8221;column_width&#8221;:&#8221;col-md-6&#8243;,&#8221;animation&#8221;:&#8221;&#8221;,&#8221;animation_time&#8221;:&#8221;&#8221;,&#8221;timeline_animation&#8221;:&#8221;&#8221;,&#8221;timeline_delay&#8221;:&#8221;&#8221;,&#8221;timeline_order&#8221;:&#8221;&#8221;,&#8221;css_classes&#8221;:&#8221;&#8221;,&#8221;custom_css_classes&#8221;:&#8221;&#8221;,&#8221;custom_css_styles&#8221;:&#8221;&#8221;,&#8221;main_content&#8221;:[{&#8222;component&#8221;:&#8221;hc_icon_list&#8221;,&#8221;id&#8221;:&#8221;yC7rI&#8221;,&#8221;css_classes&#8221;:&#8221;align-center boxed-area &#8222;,&#8221;custom_css_classes&#8221;:&#8221;&#8221;,&#8221;custom_css_styles&#8221;:&#8221;&#8221;,&#8221;rows&#8221;:[{&#8222;component&#8221;:&#8221;repeater_item&#8221;,&#8221;id&#8221;:&#8221;DUjJ1&#8243;,&#8221;icon&#8221;:&#8221;im-map-marker2&#8243;,&#8221;text&#8221;:&#8221;\u00c9sztorsz\u00e1g&#8221;},{&#8222;component&#8221;:&#8221;repeater_item&#8221;,&#8221;id&#8221;:&#8221;mmhU0&#8243;,&#8221;icon&#8221;:&#8221;&#8221;,&#8221;text&#8221;:&#8221;&#8221;},{&#8222;component&#8221;:&#8221;repeater_item&#8221;,&#8221;id&#8221;:&#8221;W6Htu&#8221;,&#8221;icon&#8221;:&#8221;im-map-marker2&#8243;,&#8221;text&#8221;:&#8221;Lettorsz\u00e1g&#8221;},{&#8222;component&#8221;:&#8221;repeater_item&#8221;,&#8221;id&#8221;:&#8221;lefym&#8221;,&#8221;icon&#8221;:&#8221;&#8221;,&#8221;text&#8221;:&#8221;&#8221;},{&#8222;component&#8221;:&#8221;repeater_item&#8221;,&#8221;id&#8221;:&#8221;gaDmR&#8221;,&#8221;icon&#8221;:&#8221;im-map-marker2&#8243;,&#8221;text&#8221;:&#8221;Litv\u00e1nia&#8221;}],&#8221;direction&#8221;:&#8221;&#8221;,&#8221;size&#8221;:&#8221;icon-md&#8221;,&#8221;style&#8221;:&#8221;&#8221;}]},{&#8222;component&#8221;:&#8221;hc_column&#8221;,&#8221;id&#8221;:&#8221;column_EFtIX&#8221;,&#8221;column_width&#8221;:&#8221;col-md-6&#8243;,&#8221;animation&#8221;:&#8221;&#8221;,&#8221;animation_time&#8221;:&#8221;&#8221;,&#8221;timeline_animation&#8221;:&#8221;&#8221;,&#8221;timeline_delay&#8221;:&#8221;&#8221;,&#8221;timeline_order&#8221;:&#8221;&#8221;,&#8221;css_classes&#8221;:&#8221;align-center boxed-area &#8222;,&#8221;custom_css_classes&#8221;:&#8221;&#8221;,&#8221;custom_css_styles&#8221;:&#8221;&#8221;,&#8221;main_content&#8221;:[{&#8222;component&#8221;:&#8221;hc_text_block&#8221;,&#8221;id&#8221;:&#8221;RGsY5&#8243;,&#8221;css_classes&#8221;:&#8221;&#8221;,&#8221;custom_css_classes&#8221;:&#8221;&#8221;,&#8221;custom_css_styles&#8221;:&#8221;&#8221;,&#8221;content&#8221;:&#8221;Mindh\u00e1rom orsz\u00e1g a Balti-tenger partj\u00e1n fekszik, m\u00e9gis mindegyik k\u00fcl\u00f6n karakterrel b\u00edr. \u00c9szakon skandin\u00e1v hat\u00e1s, k\u00f6z\u00e9pen n\u00e9met\u2013hanza \u00f6r\u00f6ks\u00e9g, d\u00e9len er\u0151s k\u00f6z\u00e9p-eur\u00f3pai \u00e9s lengyel kultur\u00e1lis kapcsolatok \u00e9rz\u0151dnek.&#8221;}]}],&#8221;section_settings&#8221;:&#8221;&#8221;},&#8221;section_5ZtkF&#8221;:{&#8222;component&#8221;:&#8221;hc_section&#8221;,&#8221;id&#8221;:&#8221;section_5ZtkF&#8221;,&#8221;section_width&#8221;:&#8221;&#8221;,&#8221;animation&#8221;:&#8221;fade-bottom&#8221;,&#8221;animation_time&#8221;:&#8221;1000&#8243;,&#8221;timeline_animation&#8221;:&#8221;true&#8221;,&#8221;timeline_delay&#8221;:&#8221;&#8221;,&#8221;timeline_order&#8221;:&#8221;&#8221;,&#8221;vertical_row&#8221;:&#8221;&#8221;,&#8221;css_classes&#8221;:&#8221;&#8221;,&#8221;custom_css_classes&#8221;:&#8221;section-bottom-box&#8221;,&#8221;custom_css_styles&#8221;:&#8221;&#8221;,&#8221;section_content&#8221;:[{&#8222;component&#8221;:&#8221;hc_column&#8221;,&#8221;id&#8221;:&#8221;column_Aieii&#8221;,&#8221;column_width&#8221;:&#8221;col-md-12&#8243;,&#8221;animation&#8221;:&#8221;&#8221;,&#8221;animation_time&#8221;:&#8221;500&#8243;,&#8221;timeline_animation&#8221;:&#8221;false&#8221;,&#8221;timeline_delay&#8221;:&#8221;&#8221;,&#8221;timeline_order&#8221;:&#8221;&#8221;,&#8221;css_classes&#8221;:&#8221;&#8221;,&#8221;custom_css_classes&#8221;:&#8221;&#8221;,&#8221;custom_css_styles&#8221;:&#8221;&#8221;,&#8221;main_content&#8221;:[{&#8222;component&#8221;:&#8221;hc_content_box&#8221;,&#8221;id&#8221;:&#8221;h0k1v&#8221;,&#8221;css_classes&#8221;:&#8221;&#8221;,&#8221;custom_css_classes&#8221;:&#8221;&#8221;,&#8221;custom_css_styles&#8221;:&#8221;&#8221;,&#8221;image&#8221;:&#8221;&#8221;,&#8221;title&#8221;:&#8221;T\u00e1jak \u2013 erd\u0151k, mocsarak, tenger \u00e9s v\u00e9gtelen horizont&#8221;,&#8221;icon&#8221;:&#8221;im-landscape&#8221;,&#8221;icon_style&#8221;:&#8221;&#8221;,&#8221;icon_image&#8221;:&#8221;&#8221;,&#8221;box_style&#8221;:&#8221;top_icon&#8221;,&#8221;boxed&#8221;:true,&#8221;alignment&#8221;:&#8221;align-center&#8221;,&#8221;title_size&#8221;:&#8221;&#8221;,&#8221;text_size&#8221;:&#8221;&#8221;,&#8221;extra_content&#8221;:&#8221;&#8221;,&#8221;alt&#8221;:&#8221;&#8221;,&#8221;button_text&#8221;:&#8221;&#8221;,&#8221;button_style&#8221;:&#8221;circle&#8221;,&#8221;button_dimensions&#8221;:&#8221;btn-lg&#8221;,&#8221;button_animation&#8221;:false,&#8221;button_icon&#8221;:&#8221;&#8221;,&#8221;text&#8221;:&#8221;A Baltikum term\u00e9szete letisztult \u00e9s nyers:\\n\\nV\u00e9gtelen feny\u0151erd\u0151k\\n\\nT\u0151zegl\u00e1pok \u00e9s mocs\u00e1rvid\u00e9kek\\n\\nHossz\u00fa, homokos tengerpartok\\n\\nElhagyott katonai ter\u00fcletek \u00e9s ipari eml\u00e9kek\\n\\nSz\u00e9les, nyugodt orsz\u00e1gutak\\n\\nNem a hegyek dr\u00e1m\u00e1ja, hanem a horizont szabads\u00e1ga adja az \u00e9lm\u00e9nyt. Az id\u0151j\u00e1r\u00e1s gyorsan v\u00e1ltozik: napf\u00e9ny, k\u00f6d, es\u0151 \u2013 n\u00e9ha egy \u00f3r\u00e1n bel\u00fcl.&#8221;,&#8221;link_type&#8221;:&#8221;classic&#8221;,&#8221;lightbox_animation&#8221;:&#8221;&#8221;,&#8221;caption&#8221;:&#8221;&#8221;,&#8221;inner_caption&#8221;:false,&#8221;new_window&#8221;:false,&#8221;link&#8221;:&#8221;&#8221;,&#8221;link_content&#8221;:[],&#8221;lightbox_size&#8221;:&#8221;&#8221;,&#8221;scrollbox&#8221;:false}]},{&#8222;component&#8221;:&#8221;hc_column&#8221;,&#8221;id&#8221;:&#8221;column_oUuEQ&#8221;,&#8221;column_width&#8221;:&#8221;col-md-12&#8243;,&#8221;animation&#8221;:&#8221;&#8221;,&#8221;animation_time&#8221;:&#8221;&#8221;,&#8221;timeline_animation&#8221;:&#8221;&#8221;,&#8221;timeline_delay&#8221;:&#8221;&#8221;,&#8221;timeline_order&#8221;:&#8221;&#8221;,&#8221;css_classes&#8221;:&#8221;&#8221;,&#8221;custom_css_classes&#8221;:&#8221;&#8221;,&#8221;custom_css_styles&#8221;:&#8221;&#8221;,&#8221;main_content&#8221;:[{&#8222;component&#8221;:&#8221;hc_content_box&#8221;,&#8221;id&#8221;:&#8221;NQuQM&#8221;,&#8221;css_classes&#8221;:&#8221;&#8221;,&#8221;custom_css_classes&#8221;:&#8221;&#8221;,&#8221;custom_css_styles&#8221;:&#8221;&#8221;,&#8221;image&#8221;:&#8221;&#8221;,&#8221;title&#8221;:&#8221;Emberek \u2013 m\u00e9lyen vend\u00e9gszeret\u0151&#8221;,&#8221;icon&#8221;:&#8221;im-business-manwoman&#8221;,&#8221;icon_style&#8221;:&#8221;&#8221;,&#8221;icon_image&#8221;:&#8221;&#8221;,&#8221;box_style&#8221;:&#8221;top_icon&#8221;,&#8221;boxed&#8221;:true,&#8221;alignment&#8221;:&#8221;align-center&#8221;,&#8221;title_size&#8221;:&#8221;&#8221;,&#8221;text_size&#8221;:&#8221;&#8221;,&#8221;extra_content&#8221;:&#8221;&#8221;,&#8221;alt&#8221;:&#8221;&#8221;,&#8221;button_text&#8221;:&#8221;&#8221;,&#8221;button_style&#8221;:&#8221;circle&#8221;,&#8221;button_dimensions&#8221;:&#8221;btn-lg&#8221;,&#8221;button_animation&#8221;:false,&#8221;button_icon&#8221;:&#8221;&#8221;,&#8221;text&#8221;:&#8221;A balti emberek els\u0151re visszafogottak. Nem hars\u00e1nyak, nem tolakod\u00f3ak, de ha kapcsolat alakul ki, \u0151szint\u00e9k \u00e9s megb\u00edzhat\u00f3ak.\\n\\nNagy hangs\u00faly van a csal\u00e1don\\n\\nEr\u0151s a nemzeti identit\u00e1s\\n\\nFontos a szabads\u00e1g \u00e9s a f\u00fcggetlens\u00e9g (a szovjet m\u00falt miatt ez k\u00fcl\u00f6n\u00f6sen \u00e9rz\u00e9keny t\u00e9ma)\\nA fiatal gener\u00e1ci\u00f3 rendk\u00edv\u00fcl digit\u00e1lis \u00e9s nyugatias\\n\\nK\u00fcl\u00f6n\u00f6sen Tallinn az egyik legdigitaliz\u00e1ltabb f\u0151v\u00e1ros Eur\u00f3p\u00e1ban.&#8221;,&#8221;link_type&#8221;:&#8221;classic&#8221;,&#8221;lightbox_animation&#8221;:&#8221;&#8221;,&#8221;caption&#8221;:&#8221;&#8221;,&#8221;inner_caption&#8221;:false,&#8221;new_window&#8221;:false,&#8221;link&#8221;:&#8221;&#8221;,&#8221;link_content&#8221;:[],&#8221;lightbox_size&#8221;:&#8221;&#8221;,&#8221;scrollbox&#8221;:false},{&#8222;component&#8221;:&#8221;hc_content_box&#8221;,&#8221;id&#8221;:&#8221;iWERI&#8221;,&#8221;css_classes&#8221;:&#8221;&#8221;,&#8221;custom_css_classes&#8221;:&#8221;&#8221;,&#8221;custom_css_styles&#8221;:&#8221;&#8221;,&#8221;image&#8221;:&#8221;&#8221;,&#8221;title&#8221;:&#8221;Kult\u00fara \u2013 \u00e9nek, m\u00edtosz \u00e9s identit\u00e1s&#8221;,&#8221;icon&#8221;:&#8221;im-music-note4&#8243;,&#8221;icon_style&#8221;:&#8221;&#8221;,&#8221;icon_image&#8221;:&#8221;&#8221;,&#8221;box_style&#8221;:&#8221;top_icon&#8221;,&#8221;boxed&#8221;:true,&#8221;alignment&#8221;:&#8221;align-center&#8221;,&#8221;title_size&#8221;:&#8221;&#8221;,&#8221;text_size&#8221;:&#8221;&#8221;,&#8221;extra_content&#8221;:&#8221;&#8221;,&#8221;alt&#8221;:&#8221;&#8221;,&#8221;button_text&#8221;:&#8221;&#8221;,&#8221;button_style&#8221;:&#8221;circle&#8221;,&#8221;button_dimensions&#8221;:&#8221;btn-lg&#8221;,&#8221;button_animation&#8221;:false,&#8221;button_icon&#8221;:&#8221;&#8221;,&#8221;text&#8221;:&#8221;A Baltikum kult\u00far\u00e1j\u00e1nak egyik legk\u00fcl\u00f6nlegesebb eleme a k\u00f6z\u00f6s \u00e9nekl\u00e9s hagyom\u00e1nya. Az \u00fagynevezett \u201e\u00c9nekl\u0151 Forradalom\u201d idej\u00e9n a dal val\u00f3di politikai er\u0151v\u00e9 v\u00e1lt.\\n\\nN\u00e9pdalok \u00e9s t\u00f6bb t\u00edzezres \u00e9nekfesztiv\u00e1lok\\nPog\u00e1ny gy\u00f6kerek \u00e9s term\u00e9szetk\u00f6zeli szimb\u00f3lumok\\nHanza-v\u00e1rosok t\u00f6rt\u00e9nelmi \u00f6r\u00f6ks\u00e9ge\\nModern diz\u00e1jn \u00e9s minimalista eszt\u00e9tika\\n\\nA t\u00f6rt\u00e9nelmi v\u00e1rosk\u00f6zpontok \u2013 p\u00e9ld\u00e1ul Riga art nouveau negyede vagy Vilnius barokk \u00f3v\u00e1rosa \u2013 er\u0151sen meghat\u00e1rozz\u00e1k a r\u00e9gi\u00f3 hangulat\u00e1t.&#8221;,&#8221;link_type&#8221;:&#8221;classic&#8221;,&#8221;lightbox_animation&#8221;:&#8221;&#8221;,&#8221;caption&#8221;:&#8221;&#8221;,&#8221;inner_caption&#8221;:false,&#8221;new_window&#8221;:false,&#8221;link&#8221;:&#8221;&#8221;,&#8221;link_content&#8221;:[],&#8221;lightbox_size&#8221;:&#8221;&#8221;,&#8221;scrollbox&#8221;:false},{&#8222;component&#8221;:&#8221;hc_content_box&#8221;,&#8221;id&#8221;:&#8221;tkbwf&#8221;,&#8221;css_classes&#8221;:&#8221;&#8221;,&#8221;custom_css_classes&#8221;:&#8221;&#8221;,&#8221;custom_css_styles&#8221;:&#8221;&#8221;,&#8221;image&#8221;:&#8221;&#8221;,&#8221;title&#8221;:&#8221;\u00c9telek \u2013 egyszer\u0171, tartalmas, \u0151szinte&#8221;,&#8221;icon&#8221;:&#8221;im-fish-food&#8221;,&#8221;icon_style&#8221;:&#8221;&#8221;,&#8221;icon_image&#8221;:&#8221;&#8221;,&#8221;box_style&#8221;:&#8221;top_icon&#8221;,&#8221;boxed&#8221;:true,&#8221;alignment&#8221;:&#8221;align-center&#8221;,&#8221;title_size&#8221;:&#8221;&#8221;,&#8221;text_size&#8221;:&#8221;&#8221;,&#8221;extra_content&#8221;:&#8221;&#8221;,&#8221;alt&#8221;:&#8221;&#8221;,&#8221;button_text&#8221;:&#8221;&#8221;,&#8221;button_style&#8221;:&#8221;circle&#8221;,&#8221;button_dimensions&#8221;:&#8221;btn-lg&#8221;,&#8221;button_animation&#8221;:false,&#8221;button_icon&#8221;:&#8221;&#8221;,&#8221;text&#8221;:&#8221;A balti konyha a kl\u00edm\u00e1hoz alkalmazkodott: laktat\u00f3, szezon\u00e1lis, gyakran rusztikus.\\n\\nAlapanyagok:\\nBurgonya\\nRozskeny\u00e9r\\nF\u00fcst\u00f6lt h\u00fasok\\nSavany\u00edtott z\u00f6lds\u00e9gek\\nHal (k\u00fcl\u00f6n\u00f6sen hering \u00e9s lazac)\\nErdei bogy\u00f3k\\n\\nTipikus \u00e9telek:\\nCepelinai (litv\u00e1n burgonyagomb\u00f3c)\\nHideg c\u00e9klaleves (\u0161altibar\u0161\u010diai)\\nF\u00fcst\u00f6lt halak a tengerparton\\nFekete rozskeny\u00e9r vajjal \u00e9s spratnival\\n\\nItalok k\u00f6z\u00fcl n\u00e9pszer\u0171 a k\u00e9zm\u0171ves s\u00f6r, a balti gin, valamint a gy\u00f3gyn\u00f6v\u00e9nyes lik\u0151r\u00f6k.&#8221;,&#8221;link_type&#8221;:&#8221;classic&#8221;,&#8221;lightbox_animation&#8221;:&#8221;&#8221;,&#8221;caption&#8221;:&#8221;&#8221;,&#8221;inner_caption&#8221;:false,&#8221;new_window&#8221;:false,&#8221;link&#8221;:&#8221;&#8221;,&#8221;link_content&#8221;:[],&#8221;lightbox_size&#8221;:&#8221;&#8221;,&#8221;scrollbox&#8221;:false}]}],&#8221;section_settings&#8221;:&#8221;&#8221;},&#8221;scripts&#8221;:{&#8222;lightbox&#8221;:&#8221;magnific-popup.min.js&#8221;},&#8221;css&#8221;:{&#8222;lightbox&#8221;:&#8221;css\/magnific-popup.css&#8221;,&#8221;content_box&#8221;:&#8221;css\/content-box.css&#8221;},&#8221;css_page&#8221;:&#8221;&#8221;,&#8221;template_setting&#8221;:{},&#8221;template_setting_top&#8221;:{},&#8221;page_setting&#8221;:{&#8222;settings&#8221;:[&#8222;lock-mode-off&#8221;]}}<\/p>\n","protected":false},"excerpt":{"rendered":"<p>{&#8222;main-title&#8221;:{&#8222;component&#8221;:&#8221;hc_title&#8221;,&#8221;id&#8221;:&#8221;main-title&#8221;,&#8221;title&#8221;:&#8221;&#8221;,&#8221;subtitle&#8221;:&#8221;H\u00e1rom orsz\u00e1g, egy saj\u00e1tos vil\u00e1g&#8221;,&#8221;title_content&#8221;:{&#8222;component&#8221;:&#8221;hc_title_image&#8221;,&#8221;id&#8221;:&#8221;title-image&#8221;,&#8221;image&#8221;:&#8221;http:\/\/aivora.hu\/wp-content\/uploads\/2026\/02\/Baltic-Adventure-Rally-1024&#215;683.jpg|1024|1536|990101095&#8243;,&#8221;full_screen&#8221;:false,&#8221;full_screen_height&#8221;:&#8221;&#8221;,&#8221;parallax&#8221;:false,&#8221;bleed&#8221;:&#8221;&#8221;,&#8221;ken_burn&#8221;:&#8221;&#8221;,&#8221;breadcrumbs&#8221;:false,&#8221;light&#8221;:false,&#8221;alignment&#8221;:&#8221;&#8221;}},&#8221;section_9vt21&#8243;:{&#8222;component&#8221;:&#8221;hc_section&#8221;,&#8221;id&#8221;:&#8221;section_9vt21&#8243;,&#8221;section_width&#8221;:&#8221;&#8221;,&#8221;animation&#8221;:&#8221;fade-bottom&#8221;,&#8221;animation_time&#8221;:&#8221;2000&#8243;,&#8221;timeline_animation&#8221;:&#8221;true&#8221;,&#8221;timeline_delay&#8221;:&#8221;&#8221;,&#8221;timeline_order&#8221;:&#8221;&#8221;,&#8221;vertical_row&#8221;:&#8221;&#8221;,&#8221;css_classes&#8221;:&#8221;&#8221;,&#8221;custom_css_classes&#8221;:&#8221;&#8221;,&#8221;custom_css_styles&#8221;:&#8221;&#8221;,&#8221;section_content&#8221;:[{&#8222;component&#8221;:&#8221;hc_column&#8221;,&#8221;id&#8221;:&#8221;column_LnVQh&#8221;,&#8221;column_width&#8221;:&#8221;col-md-6&#8243;,&#8221;animation&#8221;:&#8221;&#8221;,&#8221;animation_time&#8221;:&#8221;&#8221;,&#8221;timeline_animation&#8221;:&#8221;&#8221;,&#8221;timeline_delay&#8221;:&#8221;&#8221;,&#8221;timeline_order&#8221;:&#8221;&#8221;,&#8221;css_classes&#8221;:&#8221;&#8221;,&#8221;custom_css_classes&#8221;:&#8221;&#8221;,&#8221;custom_css_styles&#8221;:&#8221;&#8221;,&#8221;main_content&#8221;:[{&#8222;component&#8221;:&#8221;hc_icon_list&#8221;,&#8221;id&#8221;:&#8221;yC7rI&#8221;,&#8221;css_classes&#8221;:&#8221;align-center boxed-area &#8222;,&#8221;custom_css_classes&#8221;:&#8221;&#8221;,&#8221;custom_css_styles&#8221;:&#8221;&#8221;,&#8221;rows&#8221;:[{&#8222;component&#8221;:&#8221;repeater_item&#8221;,&#8221;id&#8221;:&#8221;DUjJ1&#8243;,&#8221;icon&#8221;:&#8221;im-map-marker2&#8243;,&#8221;text&#8221;:&#8221;\u00c9sztorsz\u00e1g&#8221;},{&#8222;component&#8221;:&#8221;repeater_item&#8221;,&#8221;id&#8221;:&#8221;mmhU0&#8243;,&#8221;icon&#8221;:&#8221;&#8221;,&#8221;text&#8221;:&#8221;&#8221;},{&#8222;component&#8221;:&#8221;repeater_item&#8221;,&#8221;id&#8221;:&#8221;W6Htu&#8221;,&#8221;icon&#8221;:&#8221;im-map-marker2&#8243;,&#8221;text&#8221;:&#8221;Lettorsz\u00e1g&#8221;},{&#8222;component&#8221;:&#8221;repeater_item&#8221;,&#8221;id&#8221;:&#8221;lefym&#8221;,&#8221;icon&#8221;:&#8221;&#8221;,&#8221;text&#8221;:&#8221;&#8221;},{&#8222;component&#8221;:&#8221;repeater_item&#8221;,&#8221;id&#8221;:&#8221;gaDmR&#8221;,&#8221;icon&#8221;:&#8221;im-map-marker2&#8243;,&#8221;text&#8221;:&#8221;Litv\u00e1nia&#8221;}],&#8221;direction&#8221;:&#8221;&#8221;,&#8221;size&#8221;:&#8221;icon-md&#8221;,&#8221;style&#8221;:&#8221;&#8221;}]},{&#8222;component&#8221;:&#8221;hc_column&#8221;,&#8221;id&#8221;:&#8221;column_EFtIX&#8221;,&#8221;column_width&#8221;:&#8221;col-md-6&#8243;,&#8221;animation&#8221;:&#8221;&#8221;,&#8221;animation_time&#8221;:&#8221;&#8221;,&#8221;timeline_animation&#8221;:&#8221;&#8221;,&#8221;timeline_delay&#8221;:&#8221;&#8221;,&#8221;timeline_order&#8221;:&#8221;&#8221;,&#8221;css_classes&#8221;:&#8221;align-center boxed-area &#8222;,&#8221;custom_css_classes&#8221;:&#8221;&#8221;,&#8221;custom_css_styles&#8221;:&#8221;&#8221;,&#8221;main_content&#8221;:[{&#8222;component&#8221;:&#8221;hc_text_block&#8221;,&#8221;id&#8221;:&#8221;RGsY5&#8243;,&#8221;css_classes&#8221;:&#8221;&#8221;,&#8221;custom_css_classes&#8221;:&#8221;&#8221;,&#8221;custom_css_styles&#8221;:&#8221;&#8221;,&#8221;content&#8221;:&#8221;Mindh\u00e1rom orsz\u00e1g a Balti-tenger partj\u00e1n fekszik, m\u00e9gis mindegyik k\u00fcl\u00f6n karakterrel b\u00edr. \u00c9szakon skandin\u00e1v hat\u00e1s, k\u00f6z\u00e9pen n\u00e9met\u2013hanza \u00f6r\u00f6ks\u00e9g, d\u00e9len er\u0151s k\u00f6z\u00e9p-eur\u00f3pai \u00e9s lengyel kultur\u00e1lis kapcsolatok \u00e9rz\u0151dnek.&#8221;}]}],&#8221;section_settings&#8221;:&#8221;&#8221;},&#8221;section_5ZtkF&#8221;:{&#8222;component&#8221;:&#8221;hc_section&#8221;,&#8221;id&#8221;:&#8221;section_5ZtkF&#8221;,&#8221;section_width&#8221;:&#8221;&#8221;,&#8221;animation&#8221;:&#8221;fade-bottom&#8221;,&#8221;animation_time&#8221;:&#8221;1000&#8243;,&#8221;timeline_animation&#8221;:&#8221;true&#8221;,&#8221;timeline_delay&#8221;:&#8221;&#8221;,&#8221;timeline_order&#8221;:&#8221;&#8221;,&#8221;vertical_row&#8221;:&#8221;&#8221;,&#8221;css_classes&#8221;:&#8221;&#8221;,&#8221;custom_css_classes&#8221;:&#8221;section-bottom-box&#8221;,&#8221;custom_css_styles&#8221;:&#8221;&#8221;,&#8221;section_content&#8221;:[{&#8222;component&#8221;:&#8221;hc_column&#8221;,&#8221;id&#8221;:&#8221;column_Aieii&#8221;,&#8221;column_width&#8221;:&#8221;col-md-12&#8243;,&#8221;animation&#8221;:&#8221;&#8221;,&#8221;animation_time&#8221;:&#8221;500&#8243;,&#8221;timeline_animation&#8221;:&#8221;false&#8221;,&#8221;timeline_delay&#8221;:&#8221;&#8221;,&#8221;timeline_order&#8221;:&#8221;&#8221;,&#8221;css_classes&#8221;:&#8221;&#8221;,&#8221;custom_css_classes&#8221;:&#8221;&#8221;,&#8221;custom_css_styles&#8221;:&#8221;&#8221;,&#8221;main_content&#8221;:[{&#8222;component&#8221;:&#8221;hc_content_box&#8221;,&#8221;id&#8221;:&#8221;h0k1v&#8221;,&#8221;css_classes&#8221;:&#8221;&#8221;,&#8221;custom_css_classes&#8221;:&#8221;&#8221;,&#8221;custom_css_styles&#8221;:&#8221;&#8221;,&#8221;image&#8221;:&#8221;&#8221;,&#8221;title&#8221;:&#8221;T\u00e1jak \u2013 erd\u0151k, mocsarak, tenger \u00e9s v\u00e9gtelen horizont&#8221;,&#8221;icon&#8221;:&#8221;im-landscape&#8221;,&#8221;icon_style&#8221;:&#8221;&#8221;,&#8221;icon_image&#8221;:&#8221;&#8221;,&#8221;box_style&#8221;:&#8221;top_icon&#8221;,&#8221;boxed&#8221;:true,&#8221;alignment&#8221;:&#8221;align-center&#8221;,&#8221;title_size&#8221;:&#8221;&#8221;,&#8221;text_size&#8221;:&#8221;&#8221;,&#8221;extra_content&#8221;:&#8221;&#8221;,&#8221;alt&#8221;:&#8221;&#8221;,&#8221;button_text&#8221;:&#8221;&#8221;,&#8221;button_style&#8221;:&#8221;circle&#8221;,&#8221;button_dimensions&#8221;:&#8221;btn-lg&#8221;,&#8221;button_animation&#8221;:false,&#8221;button_icon&#8221;:&#8221;&#8221;,&#8221;text&#8221;:&#8221;A Baltikum term\u00e9szete letisztult \u00e9s nyers:\\n\\nV\u00e9gtelen feny\u0151erd\u0151k\\n\\nT\u0151zegl\u00e1pok \u00e9s mocs\u00e1rvid\u00e9kek\\n\\nHossz\u00fa, homokos tengerpartok\\n\\nElhagyott katonai ter\u00fcletek \u00e9s ipari eml\u00e9kek\\n\\nSz\u00e9les, [&hellip;]<\/p>\n","protected":false},"author":1,"featured_media":0,"parent":0,"menu_order":0,"comment_status":"closed","ping_status":"closed","template":"","meta":{"footnotes":""},"class_list":["post-188","page","type-page","status-publish","hentry"],"_links":{"self":[{"href":"https:\/\/aivora.hu\/index.php?rest_route=\/wp\/v2\/pages\/188","targetHints":{"allow":["GET"]}}],"collection":[{"href":"https:\/\/aivora.hu\/index.php?rest_route=\/wp\/v2\/pages"}],"about":[{"href":"https:\/\/aivora.hu\/index.php?rest_route=\/wp\/v2\/types\/page"}],"author":[{"embeddable":true,"href":"https:\/\/aivora.hu\/index.php?rest_route=\/wp\/v2\/users\/1"}],"replies":[{"embeddable":true,"href":"https:\/\/aivora.hu\/index.php?rest_route=%2Fwp%2Fv2%2Fcomments&post=188"}],"version-history":[{"count":11,"href":"https:\/\/aivora.hu\/index.php?rest_route=\/wp\/v2\/pages\/188\/revisions"}],"predecessor-version":[{"id":990101220,"href":"https:\/\/aivora.hu\/index.php?rest_route=\/wp\/v2\/pages\/188\/revisions\/990101220"}],"wp:attachment":[{"href":"https:\/\/aivora.hu\/index.php?rest_route=%2Fwp%2Fv2%2Fmedia&parent=188"}],"curies":[{"name":"wp","href":"https:\/\/api.w.org\/{rel}","templated":true}]}}