{"id":252,"date":"2019-04-29T13:33:52","date_gmt":"2019-04-29T13:33:52","guid":{"rendered":"http:\/\/localhost\/alpins\/?page_id=252"},"modified":"2026-02-20T21:03:25","modified_gmt":"2026-02-20T20:03:25","slug":"trek","status":"publish","type":"page","link":"https:\/\/aivora.hu\/?page_id=252","title":{"rendered":"Baltic Rally"},"content":{"rendered":"<p>{&#8222;main-title&#8221;:{&#8222;component&#8221;:&#8221;hc_title&#8221;,&#8221;id&#8221;:&#8221;main-title&#8221;,&#8221;title&#8221;:&#8221;&#8221;,&#8221;subtitle&#8221;:&#8221;Ahol az \u00fat maga a t\u00f6rt\u00e9net&#8221;,&#8221;title_content&#8221;:{&#8222;component&#8221;:&#8221;hc_title_image&#8221;,&#8221;id&#8221;:&#8221;title-image&#8221;,&#8221;image&#8221;:&#8221;http:\/\/aivora.hu\/wp-content\/uploads\/2026\/02\/baltic-sunset-1024&#215;694.jpg|1734|2560|990101147&#8243;,&#8221;full_screen&#8221;:false,&#8221;full_screen_height&#8221;:&#8221;&#8221;,&#8221;parallax&#8221;:true,&#8221;bleed&#8221;:&#8221;&#8221;,&#8221;ken_burn&#8221;:&#8221;ken-burn-center&#8221;,&#8221;breadcrumbs&#8221;:true,&#8221;light&#8221;:true,&#8221;alignment&#8221;:&#8221;&#8221;}},&#8221;section_5ZtkF&#8221;:{&#8222;component&#8221;:&#8221;hc_section&#8221;,&#8221;id&#8221;:&#8221;section_5ZtkF&#8221;,&#8221;section_width&#8221;:&#8221;&#8221;,&#8221;animation&#8221;:&#8221;fade-left&#8221;,&#8221;animation_time&#8221;:&#8221;&#8221;,&#8221;timeline_animation&#8221;:&#8221;false&#8221;,&#8221;timeline_delay&#8221;:&#8221;&#8221;,&#8221;timeline_order&#8221;:&#8221;&#8221;,&#8221;vertical_row&#8221;:&#8221;&#8221;,&#8221;css_classes&#8221;:&#8221;&#8221;,&#8221;custom_css_classes&#8221;:&#8221;&#8221;,&#8221;custom_css_styles&#8221;:&#8221;&#8221;,&#8221;section_content&#8221;:[{&#8222;component&#8221;:&#8221;hc_column&#8221;,&#8221;id&#8221;:&#8221;column_wH2JW&#8221;,&#8221;column_width&#8221;:&#8221;col-md-6&#8243;,&#8221;animation&#8221;:&#8221;&#8221;,&#8221;animation_time&#8221;:&#8221;&#8221;,&#8221;timeline_animation&#8221;:&#8221;&#8221;,&#8221;timeline_delay&#8221;:&#8221;&#8221;,&#8221;timeline_order&#8221;:&#8221;&#8221;,&#8221;css_classes&#8221;:&#8221;&#8221;,&#8221;custom_css_classes&#8221;:&#8221;&#8221;,&#8221;custom_css_styles&#8221;:&#8221;&#8221;,&#8221;main_content&#8221;:[{&#8222;component&#8221;:&#8221;hc_text_block&#8221;,&#8221;id&#8221;:&#8221;mA6Yr&#8221;,&#8221;css_classes&#8221;:&#8221;&#8221;,&#8221;custom_css_classes&#8221;:&#8221;&#8221;,&#8221;custom_css_styles&#8221;:&#8221;&#8221;,&#8221;content&#8221;:&#8221;A Baltic Rally nem a stopperr\u0151l sz\u00f3l, hanem a szabads\u00e1gr\u00f3l.\\n\\nArr\u00f3l az \u00e9rz\u00e9sr\u0151l, amikor let\u00e9rsz a megszokott \u00fatr\u00f3l, \u00e9s az aszfalt lassan kavicsba, majd f\u00f6ld\u00fatba v\u00e1lt. Amikor az aut\u00f3 nem csup\u00e1n j\u00e1rm\u0171, hanem t\u00e1rs az ismeretlenben. Ez az overland val\u00f3di jelent\u00e9se: utaz\u00e1s hat\u00e1rok n\u00e9lk\u00fcl, \u00e9lm\u00e9nyb\u0151l \u00e9lm\u00e9nybe.\\n\\nA Baltic Rally egy mozg\u00e1sban l\u00e9v\u0151 kaland.\\nJ\u00e1t\u00e9k, ahol t\u00e9rk\u00e9pet olvasol, nyomokat k\u00f6vetsz, d\u00f6nt\u00e9seket hozol.\\nKih\u00edv\u00e1s, ahol nem az id\u0151 a m\u00e9rce, hanem a kreativit\u00e1s, a kitart\u00e1s \u00e9s az egy\u00fcttm\u0171k\u00f6d\u00e9&#8221;}]},{&#8222;component&#8221;:&#8221;hc_column&#8221;,&#8221;id&#8221;:&#8221;column_ss3QA&#8221;,&#8221;column_width&#8221;:&#8221;col-md-6&#8243;,&#8221;animation&#8221;:&#8221;&#8221;,&#8221;animation_time&#8221;:&#8221;&#8221;,&#8221;timeline_animation&#8221;:&#8221;&#8221;,&#8221;timeline_delay&#8221;:&#8221;&#8221;,&#8221;timeline_order&#8221;:&#8221;&#8221;,&#8221;css_classes&#8221;:&#8221;&#8221;,&#8221;custom_css_classes&#8221;:&#8221;&#8221;,&#8221;custom_css_styles&#8221;:&#8221;&#8221;,&#8221;main_content&#8221;:[{&#8222;component&#8221;:&#8221;hc_image&#8221;,&#8221;id&#8221;:&#8221;5WcFT&#8221;,&#8221;css_classes&#8221;:&#8221;&#8221;,&#8221;custom_css_classes&#8221;:&#8221;&#8221;,&#8221;custom_css_styles&#8221;:&#8221;&#8221;,&#8221;image&#8221;:&#8221;http:\/\/aivora.hu\/wp-content\/uploads\/2026\/02\/baltic-national-park-1024&#215;683.jpg|1707|2560|990101152&#8243;,&#8221;alt&#8221;:&#8221;&#8221;,&#8221;thumb_size&#8221;:&#8221;full&#8221;}]}],&#8221;section_settings&#8221;:&#8221;&#8221;},&#8221;section_kYRfW&#8221;:{&#8222;component&#8221;:&#8221;hc_section&#8221;,&#8221;id&#8221;:&#8221;section_kYRfW&#8221;,&#8221;section_width&#8221;:&#8221;&#8221;,&#8221;animation&#8221;:&#8221;fade-left&#8221;,&#8221;animation_time&#8221;:&#8221;200&#8243;,&#8221;timeline_animation&#8221;:&#8221;false&#8221;,&#8221;timeline_delay&#8221;:&#8221;&#8221;,&#8221;timeline_order&#8221;:&#8221;&#8221;,&#8221;vertical_row&#8221;:&#8221;&#8221;,&#8221;css_classes&#8221;:&#8221;&#8221;,&#8221;custom_css_classes&#8221;:&#8221;&#8221;,&#8221;custom_css_styles&#8221;:&#8221;&#8221;,&#8221;section_content&#8221;:[{&#8222;component&#8221;:&#8221;hc_column&#8221;,&#8221;id&#8221;:&#8221;nh7N8&#8243;,&#8221;column_width&#8221;:&#8221;col-md-6&#8243;,&#8221;animation&#8221;:&#8221;&#8221;,&#8221;animation_time&#8221;:&#8221;&#8221;,&#8221;timeline_animation&#8221;:&#8221;&#8221;,&#8221;timeline_delay&#8221;:&#8221;&#8221;,&#8221;timeline_order&#8221;:&#8221;&#8221;,&#8221;css_classes&#8221;:&#8221;&#8221;,&#8221;custom_css_classes&#8221;:&#8221;&#8221;,&#8221;custom_css_styles&#8221;:&#8221;&#8221;,&#8221;main_content&#8221;:[{&#8222;component&#8221;:&#8221;hc_text_block&#8221;,&#8221;id&#8221;:&#8221;h1vxI&#8221;,&#8221;css_classes&#8221;:&#8221;&#8221;,&#8221;custom_css_classes&#8221;:&#8221;&#8221;,&#8221;custom_css_styles&#8221;:&#8221;&#8221;,&#8221;content&#8221;:&#8221;Napk\u00f6zben felfedez\u00e9s \u2013 erd\u0151k, homokos szakaszok, eldugott \u00f6sv\u00e9nyek.\\nEste pedig a jutalom: t\u00e1bort\u0171z, t\u00f6rt\u00e9netek, nevet\u00e9s, k\u00f6z\u00f6ss\u00e9g.\\n\\n\u00c9s ott van a tenger.\\nA Balti-tenger szele, a part v\u00e9gtelen horizontja, ahol meg\u00e9rted, mi\u00e9rt \u00e9rdemes \u00fatra kelni. A pillanat, amikor a kerekek meg\u00e1llnak, \u00e9s csak a hull\u00e1mok hangja marad.\\n\\nEz nem verseny.\\nEz egy k\u00f6z\u00f6s utaz\u00e1s.\\n\\nA Baltic Rally azoknak sz\u00f3l, akik nem csup\u00e1n vezetni akarnak, hanem felfedezni.\\nAkik sz\u00e1m\u00e1ra az \u00fat nem A-b\u00f3l B-be vezet, hanem \u00e9lm\u00e9nyek l\u00e1ncolata.&#8221;}]},{&#8222;component&#8221;:&#8221;hc_column&#8221;,&#8221;id&#8221;:&#8221;9SeFS&#8221;,&#8221;column_width&#8221;:&#8221;col-md-6&#8243;,&#8221;animation&#8221;:&#8221;&#8221;,&#8221;animation_time&#8221;:&#8221;&#8221;,&#8221;timeline_animation&#8221;:&#8221;&#8221;,&#8221;timeline_delay&#8221;:&#8221;&#8221;,&#8221;timeline_order&#8221;:&#8221;&#8221;,&#8221;css_classes&#8221;:&#8221;&#8221;,&#8221;custom_css_classes&#8221;:&#8221;&#8221;,&#8221;custom_css_styles&#8221;:&#8221;&#8221;,&#8221;main_content&#8221;:[{&#8222;component&#8221;:&#8221;hc_image&#8221;,&#8221;id&#8221;:&#8221;fuGeG&#8221;,&#8221;css_classes&#8221;:&#8221;&#8221;,&#8221;custom_css_classes&#8221;:&#8221;&#8221;,&#8221;custom_css_styles&#8221;:&#8221;&#8221;,&#8221;image&#8221;:&#8221;http:\/\/aivora.hu\/wp-content\/uploads\/2026\/02\/koronevskis-baltic-sea&#8211;1024&#215;682.jpg|1278|1920|990101145&#8243;,&#8221;alt&#8221;:&#8221;&#8221;,&#8221;thumb_size&#8221;:&#8221;full&#8221;}]}],&#8221;section_settings&#8221;:&#8221;&#8221;},&#8221;section_Qgjm3&#8243;:{&#8222;component&#8221;:&#8221;hc_section&#8221;,&#8221;id&#8221;:&#8221;section_Qgjm3&#8243;,&#8221;section_width&#8221;:&#8221;&#8221;,&#8221;animation&#8221;:&#8221;&#8221;,&#8221;animation_time&#8221;:&#8221;&#8221;,&#8221;timeline_animation&#8221;:&#8221;false&#8221;,&#8221;timeline_delay&#8221;:&#8221;&#8221;,&#8221;timeline_order&#8221;:&#8221;&#8221;,&#8221;vertical_row&#8221;:&#8221;&#8221;,&#8221;css_classes&#8221;:&#8221;light &#8222;,&#8221;custom_css_classes&#8221;:&#8221;&#8221;,&#8221;custom_css_styles&#8221;:&#8221;&#8221;,&#8221;section_content&#8221;:[{&#8222;component&#8221;:&#8221;hc_column&#8221;,&#8221;id&#8221;:&#8221;column_DymKq&#8221;,&#8221;column_width&#8221;:&#8221;col-md-3&#8243;,&#8221;animation&#8221;:&#8221;fade-left&#8221;,&#8221;animation_time&#8221;:&#8221;0&#8243;,&#8221;timeline_animation&#8221;:&#8221;false&#8221;,&#8221;timeline_delay&#8221;:&#8221;&#8221;,&#8221;timeline_order&#8221;:&#8221;&#8221;,&#8221;css_classes&#8221;:&#8221;col-md-6 col-sm-6 &#8222;,&#8221;custom_css_classes&#8221;:&#8221;&#8221;,&#8221;custom_css_styles&#8221;:&#8221;&#8221;,&#8221;main_content&#8221;:[{&#8222;component&#8221;:&#8221;hc_title_tag&#8221;,&#8221;id&#8221;:&#8221;7YUEn&#8221;,&#8221;css_classes&#8221;:&#8221;&#8221;,&#8221;custom_css_classes&#8221;:&#8221;&#8221;,&#8221;custom_css_styles&#8221;:&#8221;&#8221;,&#8221;text&#8221;:&#8221;Id\u0151pont&#8221;,&#8221;tag&#8221;:&#8221;h4&#8243;},{&#8222;component&#8221;:&#8221;hc_text_block&#8221;,&#8221;id&#8221;:&#8221;0v6TP&#8221;,&#8221;css_classes&#8221;:&#8221;no-margin text-black &#8222;,&#8221;custom_css_classes&#8221;:&#8221;text-50&#8243;,&#8221;custom_css_styles&#8221;:&#8221;&#8221;,&#8221;content&#8221;:&#8221;J\u00fanius 6&#8243;}]},{&#8222;component&#8221;:&#8221;hc_column&#8221;,&#8221;id&#8221;:&#8221;column_M63mB&#8221;,&#8221;column_width&#8221;:&#8221;col-md-3&#8243;,&#8221;animation&#8221;:&#8221;fade-left&#8221;,&#8221;animation_time&#8221;:&#8221;200&#8243;,&#8221;timeline_animation&#8221;:&#8221;false&#8221;,&#8221;timeline_delay&#8221;:&#8221;&#8221;,&#8221;timeline_order&#8221;:&#8221;&#8221;,&#8221;css_classes&#8221;:&#8221;col-md-6 col-sm-6 &#8222;,&#8221;custom_css_classes&#8221;:&#8221;&#8221;,&#8221;custom_css_styles&#8221;:&#8221;&#8221;,&#8221;main_content&#8221;:[{&#8222;component&#8221;:&#8221;hc_title_tag&#8221;,&#8221;id&#8221;:&#8221;Tp0dK&#8221;,&#8221;css_classes&#8221;:&#8221;&#8221;,&#8221;custom_css_classes&#8221;:&#8221;&#8221;,&#8221;custom_css_styles&#8221;:&#8221;&#8221;,&#8221;text&#8221;:&#8221;\u00datvonal&#8221;,&#8221;tag&#8221;:&#8221;h4&#8243;},{&#8222;component&#8221;:&#8221;hc_text_block&#8221;,&#8221;id&#8221;:&#8221;pC21Y&#8221;,&#8221;css_classes&#8221;:&#8221;no-margin text-black &#8222;,&#8221;custom_css_classes&#8221;:&#8221;text-50&#8243;,&#8221;custom_css_styles&#8221;:&#8221;&#8221;,&#8221;content&#8221;:&#8221;2500 KM&#8221;}]},{&#8222;component&#8221;:&#8221;hc_column&#8221;,&#8221;id&#8221;:&#8221;column_wJKzi&#8221;,&#8221;column_width&#8221;:&#8221;col-md-3&#8243;,&#8221;animation&#8221;:&#8221;fade-left&#8221;,&#8221;animation_time&#8221;:&#8221;400&#8243;,&#8221;timeline_animation&#8221;:&#8221;false&#8221;,&#8221;timeline_delay&#8221;:&#8221;&#8221;,&#8221;timeline_order&#8221;:&#8221;&#8221;,&#8221;css_classes&#8221;:&#8221;col-md-6 col-sm-6 &#8222;,&#8221;custom_css_classes&#8221;:&#8221;&#8221;,&#8221;custom_css_styles&#8221;:&#8221;&#8221;,&#8221;main_content&#8221;:[{&#8222;component&#8221;:&#8221;hc_title_tag&#8221;,&#8221;id&#8221;:&#8221;Stn4n&#8221;,&#8221;css_classes&#8221;:&#8221;&#8221;,&#8221;custom_css_classes&#8221;:&#8221;&#8221;,&#8221;custom_css_styles&#8221;:&#8221;&#8221;,&#8221;text&#8221;:&#8221;Orsz\u00e1g&#8221;,&#8221;tag&#8221;:&#8221;h4&#8243;},{&#8222;component&#8221;:&#8221;hc_text_block&#8221;,&#8221;id&#8221;:&#8221;E7Btt&#8221;,&#8221;css_classes&#8221;:&#8221;no-margin text-black &#8222;,&#8221;custom_css_classes&#8221;:&#8221;text-50&#8243;,&#8221;custom_css_styles&#8221;:&#8221;&#8221;,&#8221;content&#8221;:&#8221;12&#8243;}]},{&#8222;component&#8221;:&#8221;hc_column&#8221;,&#8221;id&#8221;:&#8221;column_fiMZ4&#8243;,&#8221;column_width&#8221;:&#8221;col-md-3&#8243;,&#8221;animation&#8221;:&#8221;fade-left&#8221;,&#8221;animation_time&#8221;:&#8221;600&#8243;,&#8221;timeline_animation&#8221;:&#8221;false&#8221;,&#8221;timeline_delay&#8221;:&#8221;&#8221;,&#8221;timeline_order&#8221;:&#8221;&#8221;,&#8221;css_classes&#8221;:&#8221;col-md-6 col-sm-6 &#8222;,&#8221;custom_css_classes&#8221;:&#8221;&#8221;,&#8221;custom_css_styles&#8221;:&#8221;&#8221;,&#8221;main_content&#8221;:[{&#8222;component&#8221;:&#8221;hc_title_tag&#8221;,&#8221;id&#8221;:&#8221;528eb&#8221;,&#8221;css_classes&#8221;:&#8221;&#8221;,&#8221;custom_css_classes&#8221;:&#8221;&#8221;,&#8221;custom_css_styles&#8221;:&#8221;&#8221;,&#8221;text&#8221;:&#8221;Nap&#8221;,&#8221;tag&#8221;:&#8221;h4&#8243;},{&#8222;component&#8221;:&#8221;hc_text_block&#8221;,&#8221;id&#8221;:&#8221;X4B2Q&#8221;,&#8221;css_classes&#8221;:&#8221;no-margin text-black &#8222;,&#8221;custom_css_classes&#8221;:&#8221;text-50&#8243;,&#8221;custom_css_styles&#8221;:&#8221;&#8221;,&#8221;content&#8221;:&#8221;6&#8243;}]}],&#8221;section_settings&#8221;:{&#8222;component&#8221;:&#8221;hc_section_image&#8221;,&#8221;id&#8221;:&#8221;section-image&#8221;,&#8221;image&#8221;:&#8221;http:\/\/aivora.hu\/wp-content\/uploads\/2026\/02\/baltic-sunset-1024&#215;694.jpg|1734|2560|990101147&#8243;,&#8221;full_screen&#8221;:false,&#8221;full_screen_height&#8221;:&#8221;&#8221;,&#8221;parallax&#8221;:true,&#8221;bleed&#8221;:&#8221;&#8221;,&#8221;ken_burn&#8221;:&#8221;&#8221;,&#8221;bg_pos&#8221;:&#8221;&#8221;}},&#8221;section_b21OD&#8221;:{&#8222;component&#8221;:&#8221;hc_section&#8221;,&#8221;id&#8221;:&#8221;section_b21OD&#8221;,&#8221;section_width&#8221;:&#8221;&#8221;,&#8221;animation&#8221;:&#8221;&#8221;,&#8221;animation_time&#8221;:&#8221;&#8221;,&#8221;timeline_animation&#8221;:&#8221;&#8221;,&#8221;timeline_delay&#8221;:&#8221;&#8221;,&#8221;timeline_order&#8221;:&#8221;&#8221;,&#8221;vertical_row&#8221;:&#8221;&#8221;,&#8221;css_classes&#8221;:&#8221;&#8221;,&#8221;custom_css_classes&#8221;:&#8221;&#8221;,&#8221;custom_css_styles&#8221;:&#8221;&#8221;,&#8221;section_content&#8221;:[{&#8222;component&#8221;:&#8221;hc_column&#8221;,&#8221;id&#8221;:&#8221;column_u1syR&#8221;,&#8221;column_width&#8221;:&#8221;col-md-6&#8243;,&#8221;animation&#8221;:&#8221;&#8221;,&#8221;animation_time&#8221;:&#8221;&#8221;,&#8221;timeline_animation&#8221;:&#8221;&#8221;,&#8221;timeline_delay&#8221;:&#8221;&#8221;,&#8221;timeline_order&#8221;:&#8221;&#8221;,&#8221;css_classes&#8221;:&#8221;&#8221;,&#8221;custom_css_classes&#8221;:&#8221;&#8221;,&#8221;custom_css_styles&#8221;:&#8221;&#8221;,&#8221;main_content&#8221;:[{&#8222;component&#8221;:&#8221;hc_text_block&#8221;,&#8221;id&#8221;:&#8221;R9mp5&#8243;,&#8221;css_classes&#8221;:&#8221;&#8221;,&#8221;custom_css_classes&#8221;:&#8221;&#8221;,&#8221;custom_css_styles&#8221;:&#8221;&#8221;,&#8221;content&#8221;:&#8221;Lorem ipsum dolor sit amet consectetur adipiscing elitsed do eiusmod tempor incididunt utlabore et dolore magna aliqua. Utenim ad minim veniam quis nostrud exercitation ullamco laboris nisi ut aliquip ex ea commodo consequat. Duis aute irure dolor in reprehenderit.Lorem ipsum dolor sit amet consectetur adipiscing elitsed do eiusmod tempor incididunt utlabore et dolore magna aliqua. Utenim ad minim veniam quis nostrud exercitation ullamco laboris nisi ut aliquipo.&#8221;}]},{&#8222;component&#8221;:&#8221;hc_column&#8221;,&#8221;id&#8221;:&#8221;column_LI229&#8243;,&#8221;column_width&#8221;:&#8221;col-md-6&#8243;,&#8221;animation&#8221;:&#8221;&#8221;,&#8221;animation_time&#8221;:&#8221;&#8221;,&#8221;timeline_animation&#8221;:&#8221;&#8221;,&#8221;timeline_delay&#8221;:&#8221;&#8221;,&#8221;timeline_order&#8221;:&#8221;&#8221;,&#8221;css_classes&#8221;:&#8221;&#8221;,&#8221;custom_css_classes&#8221;:&#8221;&#8221;,&#8221;custom_css_styles&#8221;:&#8221;&#8221;,&#8221;main_content&#8221;:[{&#8222;component&#8221;:&#8221;hc_text_list&#8221;,&#8221;id&#8221;:&#8221;PCoBS&#8221;,&#8221;css_classes&#8221;:&#8221;&#8221;,&#8221;custom_css_classes&#8221;:&#8221;&#8221;,&#8221;custom_css_styles&#8221;:&#8221;&#8221;,&#8221;rows&#8221;:[{&#8222;component&#8221;:&#8221;repeater_item&#8221;,&#8221;id&#8221;:&#8221;yFWf3&#8243;,&#8221;image_link&#8221;:&#8221;&#8221;,&#8221;title&#8221;:&#8221;Mountain&#8221;,&#8221;subtitle&#8221;:&#8221;Monte Bianco&#8221;,&#8221;extra&#8221;:&#8221;&#8221;},{&#8222;component&#8221;:&#8221;repeater_item&#8221;,&#8221;id&#8221;:&#8221;2IO2v&#8221;,&#8221;image_link&#8221;:&#8221;&#8221;,&#8221;title&#8221;:&#8221;Address&#8221;,&#8221;subtitle&#8221;:&#8221;Monte Bianco, Veneto, Italy&#8221;,&#8221;extra&#8221;:&#8221;&#8221;},{&#8222;component&#8221;:&#8221;repeater_item&#8221;,&#8221;id&#8221;:&#8221;fZHPp&#8221;,&#8221;image_link&#8221;:&#8221;&#8221;,&#8221;title&#8221;:&#8221;Altitude&#8221;,&#8221;subtitle&#8221;:&#8221;1900 m&#8221;,&#8221;extra&#8221;:&#8221;&#8221;},{&#8222;component&#8221;:&#8221;repeater_item&#8221;,&#8221;id&#8221;:&#8221;siOjc&#8221;,&#8221;image_link&#8221;:&#8221;&#8221;,&#8221;title&#8221;:&#8221;Area&#8221;,&#8221;subtitle&#8221;:&#8221;123.456 m2&#8243;,&#8221;extra&#8221;:&#8221;&#8221;},{&#8222;component&#8221;:&#8221;repeater_item&#8221;,&#8221;id&#8221;:&#8221;MaF34&#8243;,&#8221;image_link&#8221;:&#8221;&#8221;,&#8221;title&#8221;:&#8221;Refuges&#8221;,&#8221;subtitle&#8221;:&#8221;15&#8243;,&#8221;extra&#8221;:&#8221;&#8221;},{&#8222;component&#8221;:&#8221;repeater_item&#8221;,&#8221;id&#8221;:&#8221;FYqkh&#8221;,&#8221;image_link&#8221;:&#8221;&#8221;,&#8221;title&#8221;:&#8221;Facilities&#8221;,&#8221;subtitle&#8221;:&#8221;All types&#8221;,&#8221;extra&#8221;:&#8221;&#8221;}],&#8221;type&#8221;:&#8221;line&#8221;}]},{&#8222;component&#8221;:&#8221;hc_column&#8221;,&#8221;id&#8221;:&#8221;column_XaUiq&#8221;,&#8221;column_width&#8221;:&#8221;col-md-12&#8243;,&#8221;animation&#8221;:&#8221;&#8221;,&#8221;animation_time&#8221;:&#8221;&#8221;,&#8221;timeline_animation&#8221;:&#8221;&#8221;,&#8221;timeline_delay&#8221;:&#8221;&#8221;,&#8221;timeline_order&#8221;:&#8221;&#8221;,&#8221;css_classes&#8221;:&#8221;no-margin-md &#8222;,&#8221;custom_css_classes&#8221;:&#8221;&#8221;,&#8221;custom_css_styles&#8221;:&#8221;&#8221;,&#8221;main_content&#8221;:[{&#8222;component&#8221;:&#8221;hc_space&#8221;,&#8221;id&#8221;:&#8221;kmQsO&#8221;,&#8221;css_classes&#8221;:&#8221;&#8221;,&#8221;custom_css_classes&#8221;:&#8221;&#8221;,&#8221;custom_css_styles&#8221;:&#8221;&#8221;,&#8221;size&#8221;:&#8221;space&#8221;,&#8221;height&#8221;:&#8221;&#8221;}]}],&#8221;section_settings&#8221;:&#8221;&#8221;},&#8221;section_PgdBM&#8221;:{&#8222;component&#8221;:&#8221;hc_section&#8221;,&#8221;id&#8221;:&#8221;section_PgdBM&#8221;,&#8221;section_width&#8221;:&#8221;&#8221;,&#8221;animation&#8221;:&#8221;&#8221;,&#8221;animation_time&#8221;:&#8221;&#8221;,&#8221;timeline_animation&#8221;:&#8221;&#8221;,&#8221;timeline_delay&#8221;:&#8221;&#8221;,&#8221;timeline_order&#8221;:&#8221;&#8221;,&#8221;vertical_row&#8221;:&#8221;&#8221;,&#8221;css_classes&#8221;:&#8221;section-color &#8222;,&#8221;custom_css_classes&#8221;:&#8221;section-google-map&#8221;,&#8221;custom_css_styles&#8221;:&#8221;&#8221;,&#8221;section_content&#8221;:[],&#8221;section_settings&#8221;:&#8221;&#8221;},&#8221;scripts&#8221;:{&#8222;parallax&#8221;:&#8221;parallax.min.js&#8221;},&#8221;css&#8221;:{},&#8221;css_page&#8221;:&#8221;&#8221;,&#8221;template_setting&#8221;:{},&#8221;template_setting_top&#8221;:{},&#8221;page_setting&#8221;:{&#8222;settings&#8221;:[&#8222;lock-mode-off&#8221;]}}<\/p>\n","protected":false},"excerpt":{"rendered":"<p>{&#8222;main-title&#8221;:{&#8222;component&#8221;:&#8221;hc_title&#8221;,&#8221;id&#8221;:&#8221;main-title&#8221;,&#8221;title&#8221;:&#8221;&#8221;,&#8221;subtitle&#8221;:&#8221;Ahol az \u00fat maga a t\u00f6rt\u00e9net&#8221;,&#8221;title_content&#8221;:{&#8222;component&#8221;:&#8221;hc_title_image&#8221;,&#8221;id&#8221;:&#8221;title-image&#8221;,&#8221;image&#8221;:&#8221;http:\/\/aivora.hu\/wp-content\/uploads\/2026\/02\/baltic-sunset-1024&#215;694.jpg|1734|2560|990101147&#8243;,&#8221;full_screen&#8221;:false,&#8221;full_screen_height&#8221;:&#8221;&#8221;,&#8221;parallax&#8221;:true,&#8221;bleed&#8221;:&#8221;&#8221;,&#8221;ken_burn&#8221;:&#8221;ken-burn-center&#8221;,&#8221;breadcrumbs&#8221;:true,&#8221;light&#8221;:true,&#8221;alignment&#8221;:&#8221;&#8221;}},&#8221;section_5ZtkF&#8221;:{&#8222;component&#8221;:&#8221;hc_section&#8221;,&#8221;id&#8221;:&#8221;section_5ZtkF&#8221;,&#8221;section_width&#8221;:&#8221;&#8221;,&#8221;animation&#8221;:&#8221;fade-left&#8221;,&#8221;animation_time&#8221;:&#8221;&#8221;,&#8221;timeline_animation&#8221;:&#8221;false&#8221;,&#8221;timeline_delay&#8221;:&#8221;&#8221;,&#8221;timeline_order&#8221;:&#8221;&#8221;,&#8221;vertical_row&#8221;:&#8221;&#8221;,&#8221;css_classes&#8221;:&#8221;&#8221;,&#8221;custom_css_classes&#8221;:&#8221;&#8221;,&#8221;custom_css_styles&#8221;:&#8221;&#8221;,&#8221;section_content&#8221;:[{&#8222;component&#8221;:&#8221;hc_column&#8221;,&#8221;id&#8221;:&#8221;column_wH2JW&#8221;,&#8221;column_width&#8221;:&#8221;col-md-6&#8243;,&#8221;animation&#8221;:&#8221;&#8221;,&#8221;animation_time&#8221;:&#8221;&#8221;,&#8221;timeline_animation&#8221;:&#8221;&#8221;,&#8221;timeline_delay&#8221;:&#8221;&#8221;,&#8221;timeline_order&#8221;:&#8221;&#8221;,&#8221;css_classes&#8221;:&#8221;&#8221;,&#8221;custom_css_classes&#8221;:&#8221;&#8221;,&#8221;custom_css_styles&#8221;:&#8221;&#8221;,&#8221;main_content&#8221;:[{&#8222;component&#8221;:&#8221;hc_text_block&#8221;,&#8221;id&#8221;:&#8221;mA6Yr&#8221;,&#8221;css_classes&#8221;:&#8221;&#8221;,&#8221;custom_css_classes&#8221;:&#8221;&#8221;,&#8221;custom_css_styles&#8221;:&#8221;&#8221;,&#8221;content&#8221;:&#8221;A Baltic Rally nem a stopperr\u0151l sz\u00f3l, hanem a szabads\u00e1gr\u00f3l.\\n\\nArr\u00f3l az \u00e9rz\u00e9sr\u0151l, amikor let\u00e9rsz a megszokott \u00fatr\u00f3l, \u00e9s az aszfalt lassan kavicsba, majd f\u00f6ld\u00fatba v\u00e1lt. Amikor az aut\u00f3 nem csup\u00e1n j\u00e1rm\u0171, hanem t\u00e1rs az ismeretlenben. Ez az overland val\u00f3di jelent\u00e9se: utaz\u00e1s hat\u00e1rok n\u00e9lk\u00fcl, \u00e9lm\u00e9nyb\u0151l \u00e9lm\u00e9nybe.\\n\\nA Baltic Rally egy mozg\u00e1sban l\u00e9v\u0151 [&hellip;]<\/p>\n","protected":false},"author":1,"featured_media":0,"parent":0,"menu_order":0,"comment_status":"closed","ping_status":"closed","template":"","meta":{"footnotes":""},"class_list":["post-252","page","type-page","status-publish","hentry"],"_links":{"self":[{"href":"https:\/\/aivora.hu\/index.php?rest_route=\/wp\/v2\/pages\/252","targetHints":{"allow":["GET"]}}],"collection":[{"href":"https:\/\/aivora.hu\/index.php?rest_route=\/wp\/v2\/pages"}],"about":[{"href":"https:\/\/aivora.hu\/index.php?rest_route=\/wp\/v2\/types\/page"}],"author":[{"embeddable":true,"href":"https:\/\/aivora.hu\/index.php?rest_route=\/wp\/v2\/users\/1"}],"replies":[{"embeddable":true,"href":"https:\/\/aivora.hu\/index.php?rest_route=%2Fwp%2Fv2%2Fcomments&post=252"}],"version-history":[{"count":7,"href":"https:\/\/aivora.hu\/index.php?rest_route=\/wp\/v2\/pages\/252\/revisions"}],"predecessor-version":[{"id":990101135,"href":"https:\/\/aivora.hu\/index.php?rest_route=\/wp\/v2\/pages\/252\/revisions\/990101135"}],"wp:attachment":[{"href":"https:\/\/aivora.hu\/index.php?rest_route=%2Fwp%2Fv2%2Fmedia&parent=252"}],"curies":[{"name":"wp","href":"https:\/\/api.w.org\/{rel}","templated":true}]}}